{"id":1052,"date":"2021-06-29T15:42:17","date_gmt":"2021-06-29T15:42:17","guid":{"rendered":"https:\/\/escape-chute.net\/schraegschlauch\/"},"modified":"2023-01-31T09:33:55","modified_gmt":"2023-01-31T09:33:55","slug":"tobogan-de-salvamento-inclinado","status":"publish","type":"page","link":"https:\/\/escape-chute.com\/es\/tobogan-de-salvamento-inclinado\/","title":{"rendered":"Tobog\u00e1n de Salvamento Inclinado"},"content":{"rendered":"\t<section class=\"section\" id=\"section_437856391\">\n\t\t<div class=\"bg section-bg fill bg-fill  bg-loaded\" >\n\n\t\t\t\n\t\t\t\n\t\t\t\n\n\t\t<\/div>\n\n\t\t\n\n\t\t<div class=\"section-content relative\">\n\t\t\t\n<div class=\"row row-collapse row-full-width align-center\"  id=\"row-909805590\">\n\n\t<div id=\"col-1985580792\" class=\"col small-12 large-12\"  >\n\t\t\t\t<div class=\"col-inner\"  >\n\t\t\t\n\t\t\t\n\n  <div class=\"banner has-hover\" id=\"banner-1112989601\">\n          <div class=\"banner-inner fill\">\n        <div class=\"banner-bg fill\" >\n            <div class=\"bg fill bg-fill \"><\/div>\n                                    \n                    <\/div>\n\t\t\n        <div class=\"banner-layers container\">\n            <div class=\"fill banner-link\"><\/div>            \n   <div id=\"text-box-1973866637\" class=\"text-box banner-layer hidden x50 md-x50 lg-x50 y90 md-y90 lg-y90 res-text\">\n                                <div class=\"text-box-content text dark\">\n              \n              <div class=\"text-inner text-center\">\n                  \n<h3 class=\"uppercase\"><strong>Rettungsschl\u00e4uche<\/strong><\/h3>\n              <\/div>\n           <\/div>\n                            \n<style>\n#text-box-1973866637 {\n  width: 60%;\n}\n#text-box-1973866637 .text-box-content {\n  font-size: 130%;\n}\n<\/style>\n    <\/div>\n \n        <\/div>\n      <\/div>\n\n              <div class=\"height-fix is-invisible\"><img loading=\"lazy\" decoding=\"async\" width=\"1940\" height=\"500\" src=\"https:\/\/escape-chute.com\/wp-content\/uploads\/2021\/09\/produkte-evakuierung.jpg\" class=\"attachment-original size-original\" alt=\"Evakuierung Produkte\" srcset=\"https:\/\/escape-chute.com\/wp-content\/uploads\/2021\/09\/produkte-evakuierung.jpg 1940w, https:\/\/escape-chute.com\/wp-content\/uploads\/2021\/09\/produkte-evakuierung-300x77.jpg 300w, https:\/\/escape-chute.com\/wp-content\/uploads\/2021\/09\/produkte-evakuierung-1024x264.jpg 1024w, https:\/\/escape-chute.com\/wp-content\/uploads\/2021\/09\/produkte-evakuierung-768x198.jpg 768w, https:\/\/escape-chute.com\/wp-content\/uploads\/2021\/09\/produkte-evakuierung-1536x396.jpg 1536w\" sizes=\"auto, (max-width: 1940px) 100vw, 1940px\" \/><\/div>\n            \n<style>\n#banner-1112989601 .bg.bg-loaded {\n  background-image: url(https:\/\/escape-chute.com\/wp-content\/uploads\/2021\/09\/produkte-evakuierung.jpg);\n}\n#banner-1112989601 {\n  background-color: rgb(255,255,255);\n}\n#banner-1112989601 .bg {\n  background-position: 13% 100%;\n}\n<\/style>\n  <\/div>\n\n\n\t\t<\/div>\n\t\t\t\t\t<\/div>\n\n\t\n<\/div>\n\t\t<\/div>\n\n\t\t\n<style>\n#section_437856391 {\n  padding-top: 30px;\n  padding-bottom: 30px;\n}\n<\/style>\n\t<\/section>\n\t\n\t<section class=\"section\" id=\"section_1187565890\">\n\t\t<div class=\"bg section-bg fill bg-fill  bg-loaded\" >\n\n\t\t\t\n\t\t\t\n\t\t\t\n\n\t\t<\/div>\n\n\t\t\n\n\t\t<div class=\"section-content relative\">\n\t\t\t\n<div class=\"row\"  id=\"row-1133378104\">\n\n\t<div id=\"col-349212374\" class=\"col small-12 large-12\"  >\n\t\t\t\t<div class=\"col-inner\"  >\n\t\t\t\n\t\t\t\n<h1 style=\"text-align: center;\">Axel Thoms Lebensrettungseinrichtungen GmbH &#8211; Tobog\u00e1n de Salvamento Inclinado para la evacuaci\u00f3n de personas inm\u00f3viles<\/h1>\n\t\t<\/div>\n\t\t\t\t\t<\/div>\n\n\t\n<\/div>\n<div class=\"row align-center\"  id=\"row-768570861\">\n\n\t<div id=\"col-1483145777\" class=\"col small-12 large-12\"  >\n\t\t\t\t<div class=\"col-inner\"  >\n\t\t\t\n\t\t\t\n<p style=\"background: white; margin: 0cm 0cm 15.6pt 0cm;\"><span lang=\"ES-CL\" style=\"font-size: 95%; font-family: Lato, sans-serif; color: #777777;\">El\u00a0<strong><span style=\"font-family: 'Lato',sans-serif;\">Tobog\u00e1n de Salvamento Inclinado<\/span><\/strong> es el origen del Tobog\u00e1n de Salvamento.<br \/>Entre otros, su aplicaci\u00f3n es relevante en escenarios en los que adem\u00e1s de la evacuaci\u00f3n a ras de suelo, se debe lograr una distancia horizontal al punto de acceso.<br \/>En otras palabras, en escenarios donde los usuarios tambi\u00e9n necesitan alejarse lo m\u00e1s posible de la fuente de peligro. Adem\u00e1s, se pueden pasar obst\u00e1culos.\u00a0Los usuarios se deslizan hasta el suelo en un descenso controlado en un \u00e1ngulo de aprox.\u00a045\u00b0.<\/span><\/p>\n<p style=\"background: white; margin: 0cm 0cm 15.6pt 0cm;\"><span lang=\"ES-CL\" style=\"font-size: 95%; font-family: Lato, sans-serif; color: #777777;\">Los <strong><span style=\"font-family: 'Lato',sans-serif;\">Toboganes de Salvamento Inclinados<\/span><\/strong> no tienen que tenderse desde el edificio en un \u00e1ngulo de 90\u00b0, sino que pueden utilizarse en varias direcciones. El Tobog\u00e1n Inclinado es particularmente ventajoso para la <b>evacuaci\u00f3n de personas inm\u00f3viles<\/b> (pacientes en cuidados intensivos, inconscientes, etc.).<\/span><\/p>\n<p style=\"background: white; margin: 0cm 0cm 15.6pt 0cm;\"><span lang=\"ES-CL\" style=\"font-size: 95%; font-family: Lato, sans-serif; color: #777777;\">La integraci\u00f3n se realiza con\u00a0<strong><span style=\"font-family: 'Lato',sans-serif;\">marcos de construcci\u00f3n de acero dise\u00f1ados espec\u00edficamente para el sitio y hechos a medida<\/span><\/strong>, an\u00e1logos a los <b>Toboganes de<\/b>\u00a0<strong><span style=\"font-family: 'Lato',sans-serif;\">Salvamento en helicoidal vertical<\/span><\/strong>. Los Toboganes de\u00a0<strong><span style=\"font-family: 'Lato',sans-serif;\">Salvamento I<\/span><\/strong>nclinados se pueden desplegar con cuerdas gu\u00eda preinstaladas para permitir la auto evacuaci\u00f3n\u00a0<strong><span style=\"font-family: 'Lato',sans-serif;\">aut\u00f3noma<\/span><\/strong>.<\/span><\/p>\n\t\t<\/div>\n\t\t\t\t\t<\/div>\n\n\t\n<\/div>\n\t\t<\/div>\n\n\t\t\n<style>\n#section_1187565890 {\n  padding-top: 30px;\n  padding-bottom: 30px;\n}\n<\/style>\n\t<\/section>\n\t\n\n\t<section class=\"section\" id=\"section_226492756\">\n\t\t<div class=\"bg section-bg fill bg-fill  bg-loaded\" >\n\n\t\t\t\n\t\t\t\n\t\t\t\n\n\t\t<\/div>\n\n\t\t\n\n\t\t<div class=\"section-content relative\">\n\t\t\t\n<div class=\"row\"  id=\"row-678473683\">\n\n\t<div id=\"col-689947212\" class=\"col small-12 large-12\"  >\n\t\t\t\t<div class=\"col-inner\"  >\n\t\t\t\n\t\t\t\n\t<div id=\"text-2100375734\" class=\"text\">\n\t\t\n<h2>Los Toboganes de Salvamentos Inclinados permiten una r\u00e1pida evacuaci\u00f3n<\/h2>\n<h3>Tambi\u00e9n se puede utilizar para pacientes inconscientes y en cuidados intensivos.<\/h3>\n\t\t\n<style>\n#text-2100375734 {\n  text-align: center;\n}\n<\/style>\n\t<\/div>\n\t\n\t\t<\/div>\n\t\t\t\t\t<\/div>\n\n\t\n<\/div>\n<div class=\"row align-center\"  id=\"row-1746903517\">\n\n\t<div id=\"col-2122009123\" class=\"col medium-5 small-6 large-5\"  >\n\t\t\t\t<div class=\"col-inner\"  >\n\t\t\t\n\t\t\t\n\t<div class=\"img has-hover x md-x lg-x y md-y lg-y\" id=\"image_1464275976\">\n\t\t<a class=\"image-lightbox lightbox-gallery\" title=\"\" href=\"https:\/\/escape-chute.com\/wp-content\/uploads\/2021\/07\/krankenhaus-evakuieren.jpg\">\t\t\t\t\t\t<div class=\"img-inner box-shadow-2 dark\" >\n\t\t\t<img loading=\"lazy\" decoding=\"async\" width=\"800\" height=\"600\" src=\"https:\/\/escape-chute.com\/wp-content\/uploads\/2021\/07\/krankenhaus-evakuieren.jpg\" class=\"attachment-large size-large\" alt=\"Evakuierung eines Krankenhauses mit einem Schr\u00e4gschlauch im Notfall\" srcset=\"https:\/\/escape-chute.com\/wp-content\/uploads\/2021\/07\/krankenhaus-evakuieren.jpg 800w, https:\/\/escape-chute.com\/wp-content\/uploads\/2021\/07\/krankenhaus-evakuieren-300x225.jpg 300w, https:\/\/escape-chute.com\/wp-content\/uploads\/2021\/07\/krankenhaus-evakuieren-768x576.jpg 768w\" sizes=\"auto, (max-width: 800px) 100vw, 800px\" \/>\t\t\t\t\t\t\n\t\t\t\t\t<\/div>\n\t\t\t\t\t\t<\/a>\t\t\n<style>\n#image_1464275976 {\n  width: 100%;\n}\n<\/style>\n\t<\/div>\n\t\n\t\t<\/div>\n\t\t\t\t\t<\/div>\n\n\t\n\n\t<div id=\"col-638018508\" class=\"col medium-5 small-12 large-5 small-col-first\"  >\n\t\t\t\t<div class=\"col-inner\"  >\n\t\t\t\n\t\t\t\n\t<div class=\"img has-hover x md-x lg-x y md-y lg-y\" id=\"image_1824922711\">\n\t\t<a class=\"image-lightbox lightbox-gallery\" title=\"\" href=\"https:\/\/escape-chute.com\/wp-content\/uploads\/2021\/07\/evakuieren-krankenhaus.jpg\">\t\t\t\t\t\t<div class=\"img-inner box-shadow-2 dark\" >\n\t\t\t<img loading=\"lazy\" decoding=\"async\" width=\"800\" height=\"600\" src=\"https:\/\/escape-chute.com\/wp-content\/uploads\/2021\/07\/evakuieren-krankenhaus.jpg\" class=\"attachment-large size-large\" alt=\"Evakuierung eines Krankenhauses mit einem Schr\u00e4gschlauch im Notfall\" srcset=\"https:\/\/escape-chute.com\/wp-content\/uploads\/2021\/07\/evakuieren-krankenhaus.jpg 800w, https:\/\/escape-chute.com\/wp-content\/uploads\/2021\/07\/evakuieren-krankenhaus-300x225.jpg 300w, https:\/\/escape-chute.com\/wp-content\/uploads\/2021\/07\/evakuieren-krankenhaus-768x576.jpg 768w\" sizes=\"auto, (max-width: 800px) 100vw, 800px\" \/>\t\t\t\t\t\t\n\t\t\t\t\t<\/div>\n\t\t\t\t\t\t<\/a>\t\t\n<style>\n#image_1824922711 {\n  width: 100%;\n}\n<\/style>\n\t<\/div>\n\t\n\t\t<\/div>\n\t\t\t\t\t<\/div>\n\n\t\n\n\t<div id=\"col-2003818790\" class=\"col medium-5 small-6 large-5\"  >\n\t\t\t\t<div class=\"col-inner\"  >\n\t\t\t\n\t\t\t\n\t<div class=\"img has-hover x md-x lg-x y md-y lg-y\" id=\"image_925684939\">\n\t\t<a class=\"image-lightbox lightbox-gallery\" title=\"\" href=\"https:\/\/escape-chute.com\/wp-content\/uploads\/2021\/07\/schraegschlaeuche.jpg\">\t\t\t\t\t\t<div class=\"img-inner box-shadow-2 dark\" >\n\t\t\t<img loading=\"lazy\" decoding=\"async\" width=\"800\" height=\"600\" src=\"https:\/\/escape-chute.com\/wp-content\/uploads\/2021\/07\/schraegschlaeuche.jpg\" class=\"attachment-large size-large\" alt=\"Schr\u00e4gschl\u00e4uche zur Evakuierung im Einsatz\" srcset=\"https:\/\/escape-chute.com\/wp-content\/uploads\/2021\/07\/schraegschlaeuche.jpg 800w, https:\/\/escape-chute.com\/wp-content\/uploads\/2021\/07\/schraegschlaeuche-300x225.jpg 300w, https:\/\/escape-chute.com\/wp-content\/uploads\/2021\/07\/schraegschlaeuche-768x576.jpg 768w\" sizes=\"auto, (max-width: 800px) 100vw, 800px\" \/>\t\t\t\t\t\t\n\t\t\t\t\t<\/div>\n\t\t\t\t\t\t<\/a>\t\t\n<style>\n#image_925684939 {\n  width: 100%;\n}\n<\/style>\n\t<\/div>\n\t\n\t\t<\/div>\n\t\t\t\t\t<\/div>\n\n\t\n\n\t<div id=\"col-1410467964\" class=\"col medium-5 small-12 large-5\"  >\n\t\t\t\t<div class=\"col-inner\"  >\n\t\t\t\n\t\t\t\n\t<div class=\"img has-hover x md-x lg-x y md-y lg-y\" id=\"image_1085456563\">\n\t\t<a class=\"image-lightbox lightbox-gallery\" title=\"\" href=\"https:\/\/escape-chute.com\/wp-content\/uploads\/2023\/01\/4-2-1024x768.jpg\">\t\t\t\t\t\t<div class=\"img-inner box-shadow-2 dark\" >\n\t\t\t<img loading=\"lazy\" decoding=\"async\" width=\"1020\" height=\"765\" src=\"https:\/\/escape-chute.com\/wp-content\/uploads\/2023\/01\/4-2-1024x768.jpg\" class=\"attachment-large size-large\" alt=\"\" srcset=\"https:\/\/escape-chute.com\/wp-content\/uploads\/2023\/01\/4-2-1024x768.jpg 1024w, https:\/\/escape-chute.com\/wp-content\/uploads\/2023\/01\/4-2-300x225.jpg 300w, https:\/\/escape-chute.com\/wp-content\/uploads\/2023\/01\/4-2-768x576.jpg 768w, https:\/\/escape-chute.com\/wp-content\/uploads\/2023\/01\/4-2-1536x1152.jpg 1536w, https:\/\/escape-chute.com\/wp-content\/uploads\/2023\/01\/4-2-2048x1536.jpg 2048w\" sizes=\"auto, (max-width: 1020px) 100vw, 1020px\" \/>\t\t\t\t\t\t\n\t\t\t\t\t<\/div>\n\t\t\t\t\t\t<\/a>\t\t\n<style>\n#image_1085456563 {\n  width: 100%;\n}\n<\/style>\n\t<\/div>\n\t\n\t\t<\/div>\n\t\t\t\t\t<\/div>\n\n\t\n<\/div>\n\t\t<\/div>\n\n\t\t\n<style>\n#section_226492756 {\n  padding-top: 30px;\n  padding-bottom: 30px;\n  background-color: rgba(0, 165, 79, 0.163);\n}\n<\/style>\n\t<\/section>\n\t\n\t<div id=\"gap-1524351018\" class=\"gap-element clearfix\" style=\"display:block; height:auto;\">\n\t\t\n<style>\n#gap-1524351018 {\n  padding-top: 40px;\n}\n@media (min-width:550px) {\n  #gap-1524351018 {\n    padding-top: 30px;\n  }\n}\n<\/style>\n\t<\/div>\n\t\n\t<section class=\"section\" id=\"section_1590147161\">\n\t\t<div class=\"bg section-bg fill bg-fill  bg-loaded\" >\n\n\t\t\t\n\t\t\t\n\t\t\t\n\n\t\t<\/div>\n\n\t\t\n\n\t\t<div class=\"section-content relative\">\n\t\t\t\n\n<div class=\"row\"  id=\"row-61779604\">\n\n\n\t<div id=\"col-47023172\" class=\"col small-12 large-12\"  >\n\t\t\t\t<div class=\"col-inner\"  >\n\t\t\t\n\t\t\t\n\n\t<div id=\"text-286939636\" class=\"text\">\n\t\t\n\n<h2>\u00bfTiene preguntas? \u00a1Lo atendemos con gusto!<\/h2>\n\t\t\n<style>\n#text-286939636 {\n  text-align: center;\n}\n<\/style>\n\t<\/div>\n\t\n\n\t\t<\/div>\n\t\t\t\t\t<\/div>\n\n\t\n\n<\/div>\n<div class=\"row\"  id=\"row-1661497904\">\n\n\n\t<div id=\"col-277425589\" class=\"col small-12 large-12\"  >\n\t\t\t\t<div class=\"col-inner text-center\"  >\n\t\t\t\n\t\t\t\n\n<a href=\"\/es\/contacto\" target=\"_self\" class=\"button primary is-shade\"  style=\"border-radius:10px;\">\n    <span>Contacto<\/span>\n  <\/a>\n\n\n\n\t\t<\/div>\n\t\t\t\t\t<\/div>\n\n\t\n\n<\/div>\n<div class=\"row row-collapse row-full-width\"  id=\"row-898618794\">\n\n\n\t<div id=\"col-1597950683\" class=\"col small-12 large-12\"  >\n\t\t\t\t<div class=\"col-inner\"  >\n\t\t\t\n\t\t\t\n\n\n  <div class=\"banner has-hover\" id=\"banner-1086207786\">\n          <div class=\"banner-inner fill\">\n        <div class=\"banner-bg fill\" >\n            <div class=\"bg fill bg-fill \"><\/div>\n                                    \n                    <\/div>\n\t\t\n        <div class=\"banner-layers container\">\n            <div class=\"fill banner-link\"><\/div>            \n\n\n        <\/div>\n      <\/div>\n\n            \n<style>\n#banner-1086207786 {\n  padding-top: 140px;\n  background-color: rgb(255,255,255);\n}\n#banner-1086207786 .bg.bg-loaded {\n  background-image: url(https:\/\/escape-chute.com\/wp-content\/uploads\/2021\/09\/notausgang.jpg);\n}\n#banner-1086207786 .bg {\n  background-position: 53% 32%;\n}\n@media (min-width:550px) {\n  #banner-1086207786 {\n    padding-top: 200px;\n  }\n}\n<\/style>\n  <\/div>\n\n\n\n\t\t<\/div>\n\t\t\t\t\t<\/div>\n\n\t\n\n<\/div>\n\n\t\t<\/div>\n\n\t\t\n<style>\n#section_1590147161 {\n  padding-top: 0px;\n  padding-bottom: 0px;\n}\n<\/style>\n\t<\/section>\n\t\n","protected":false},"excerpt":{"rendered":"","protected":false},"author":6,"featured_media":0,"parent":0,"menu_order":0,"comment_status":"closed","ping_status":"closed","template":"page-blank.php","meta":{"footnotes":""},"class_list":["post-1052","page","type-page","status-publish","hentry"],"_links":{"self":[{"href":"https:\/\/escape-chute.com\/es\/wp-json\/wp\/v2\/pages\/1052","targetHints":{"allow":["GET"]}}],"collection":[{"href":"https:\/\/escape-chute.com\/es\/wp-json\/wp\/v2\/pages"}],"about":[{"href":"https:\/\/escape-chute.com\/es\/wp-json\/wp\/v2\/types\/page"}],"author":[{"embeddable":true,"href":"https:\/\/escape-chute.com\/es\/wp-json\/wp\/v2\/users\/6"}],"replies":[{"embeddable":true,"href":"https:\/\/escape-chute.com\/es\/wp-json\/wp\/v2\/comments?post=1052"}],"version-history":[{"count":5,"href":"https:\/\/escape-chute.com\/es\/wp-json\/wp\/v2\/pages\/1052\/revisions"}],"predecessor-version":[{"id":1465,"href":"https:\/\/escape-chute.com\/es\/wp-json\/wp\/v2\/pages\/1052\/revisions\/1465"}],"wp:attachment":[{"href":"https:\/\/escape-chute.com\/es\/wp-json\/wp\/v2\/media?parent=1052"}],"curies":[{"name":"wp","href":"https:\/\/api.w.org\/{rel}","templated":true}]}}