{"id":1074,"date":"2020-11-11T09:52:15","date_gmt":"2020-11-11T09:52:15","guid":{"rendered":"https:\/\/escape-chute.net\/impressum\/"},"modified":"2023-01-11T16:26:20","modified_gmt":"2023-01-11T16:26:20","slug":"aviso-legal","status":"publish","type":"page","link":"https:\/\/escape-chute.com\/es\/aviso-legal\/","title":{"rendered":"Aviso legal"},"content":{"rendered":"\t<section class=\"section\" id=\"section_1658102889\">\n\t\t<div class=\"bg section-bg fill bg-fill  bg-loaded\" >\n\n\t\t\t\n\t\t\t\n\t\t\t\n\n\t\t<\/div>\n\n\t\t\n\n\t\t<div class=\"section-content relative\">\n\t\t\t\n<div class=\"row row-collapse row-full-width align-center\"  id=\"row-1832260556\">\n\n\t<div id=\"col-1564764056\" class=\"col small-12 large-12\"  >\n\t\t\t\t<div class=\"col-inner\"  >\n\t\t\t\n\t\t\t\n\n  <div class=\"banner has-hover\" id=\"banner-843035320\">\n          <div class=\"banner-inner fill\">\n        <div class=\"banner-bg fill\" >\n            <div class=\"bg fill bg-fill \"><\/div>\n                                    \n                    <\/div>\n\t\t\n        <div class=\"banner-layers container\">\n            <div class=\"fill banner-link\"><\/div>            \n   <div id=\"text-box-19105057\" class=\"text-box banner-layer hidden x50 md-x50 lg-x50 y90 md-y90 lg-y90 res-text\">\n                                <div class=\"text-box-content text dark\">\n              \n              <div class=\"text-inner text-center\">\n                  \n<h3 class=\"uppercase\"><strong>Rettungsschl\u00e4uche<\/strong><\/h3>\n              <\/div>\n           <\/div>\n                            \n<style>\n#text-box-19105057 {\n  width: 60%;\n}\n#text-box-19105057 .text-box-content {\n  font-size: 130%;\n}\n<\/style>\n    <\/div>\n \n        <\/div>\n      <\/div>\n\n              <div class=\"height-fix is-invisible\"><img loading=\"lazy\" decoding=\"async\" width=\"1940\" height=\"500\" src=\"https:\/\/escape-chute.com\/wp-content\/uploads\/2021\/09\/produkte-evakuierung.jpg\" class=\"attachment-original size-original\" alt=\"Evakuierung Produkte\" srcset=\"https:\/\/escape-chute.com\/wp-content\/uploads\/2021\/09\/produkte-evakuierung.jpg 1940w, https:\/\/escape-chute.com\/wp-content\/uploads\/2021\/09\/produkte-evakuierung-300x77.jpg 300w, https:\/\/escape-chute.com\/wp-content\/uploads\/2021\/09\/produkte-evakuierung-1024x264.jpg 1024w, https:\/\/escape-chute.com\/wp-content\/uploads\/2021\/09\/produkte-evakuierung-768x198.jpg 768w, https:\/\/escape-chute.com\/wp-content\/uploads\/2021\/09\/produkte-evakuierung-1536x396.jpg 1536w\" sizes=\"auto, (max-width: 1940px) 100vw, 1940px\" \/><\/div>\n            \n<style>\n#banner-843035320 .bg.bg-loaded {\n  background-image: url(https:\/\/escape-chute.com\/wp-content\/uploads\/2021\/09\/produkte-evakuierung.jpg);\n}\n#banner-843035320 {\n  background-color: rgb(255,255,255);\n}\n#banner-843035320 .bg {\n  background-position: 13% 100%;\n}\n<\/style>\n  <\/div>\n\n\n\t\t<\/div>\n\t\t\t\t\t<\/div>\n\n\t\n<\/div>\n\t\t<\/div>\n\n\t\t\n<style>\n#section_1658102889 {\n  padding-top: 30px;\n  padding-bottom: 30px;\n}\n<\/style>\n\t<\/section>\n\t\n\t<section class=\"section\" id=\"section_1708645614\">\n\t\t<div class=\"bg section-bg fill bg-fill  bg-loaded\" >\n\n\t\t\t\n\t\t\t\n\t\t\t\n\n\t\t<\/div>\n\n\t\t\n\n\t\t<div class=\"section-content relative\">\n\t\t\t\n<div class=\"row\"  id=\"row-956635612\">\n\n\t<div id=\"col-854770539\" class=\"col small-12 large-12\"  >\n\t\t\t\t<div class=\"col-inner\"  >\n\t\t\t\n\t\t\t\n<h1 style=\"text-align: center;\">Axel Thoms Lebensrettungseinrichtungen GmbH &#8211; Aviso legal<\/h1>\n\t\t<\/div>\n\t\t\t\t\t<\/div>\n\n\t\n<\/div>\n<div class=\"row align-center\"  id=\"row-1021606569\">\n\n\t<div id=\"col-1497579662\" class=\"col small-12 large-12\"  >\n\t\t\t\t<div class=\"col-inner\"  >\n\t\t\t\n\t\t\t\n<h3>Axel Thoms Lebensrettungseinrichtungen GmbH<\/h3>\n<p>Bimoehler Stra\u00dfe 34-36<br \/>D-24576 Bad Bramstedt<\/p>\n<p>Tel:<a href=\"tel:+4941922010090\"> +49 4192 20 100 90<\/a>&lt;br\/<\/p>\n<p>Correo: <a href=\"mailto:info@escape-chute.net\">info@escape-chute.net<\/a><\/p>\n<p>Gerente:<br \/>Se\u00f1or Axel Thoms<br \/>Se\u00f1or Sebastian Thoms<\/p>\n<h3>Inscripci\u00f3n del registro mercantil<\/h3>\n<p>Registro mercantil Neum\u00fcnster<br \/>Numero de registro: HRB 1762<\/p>\n<h3>N\u00famero de identificaci\u00f3n a efectos del IVA concorde a la <br \/>ley sobre el IVA \u00a7 27 a<\/h3>\n<p>DE 212971464<\/p>\n<h3>Responsable del contenido concorde a \u00a7 6 MDStV<\/h3>\n<p>Se\u00f1or Axel Thoms<\/p>\n<h3>Aviso de responsabilidad<\/h3>\n<h4>Garant\u00eda del contenido<\/h4>\n<p>Los contenidos de nuestra p\u00e1gina fueron creados con el mayor de los cuidados. Sin embargo, no podemos dar garant\u00eda de la precisi\u00f3n, totalidad y vigencia de esta.<\/p>\n<p>Como prestadores de servicio cumplimos con \u00a7 6 Abs.1 MDStV y \u00a7 8 Abs.1 TDG y somos responsables de nuestro propio contenido en estas p\u00e1ginas seg\u00fan las leyes generales. No obstante, los prestadores de servicio no somos responsables de monitorear la informaci\u00f3n compartida o guardada por terceros o investigar circunstancias que indiquen actividades ilegales.<\/p>\n<p>Las obligaciones de eliminar o bloquear el uso de informaci\u00f3n seg\u00fan las leyes generales no se ven influenciadas. Sin embargo, la responsabilidad en este caso s\u00f3lo es posible cuando se da a conocer una infracci\u00f3n especifica a una ley. Apenas se conozca la infracci\u00f3n eliminaremos el contenido inmediatamente.<\/p>\n<h3>Responsabilidad por enlaces<\/h3>\n<p>En nuestra p\u00e1gina se ofrecen enlaces a p\u00e1ginas de terceros, en las cuales no tenemos ninguna influencia. Por lo tanto, no podemos dar garant\u00edas del contenido que hay en ellas. Los responsables de esos contenidos son la compa\u00f1\u00eda o el gestor de la misma p\u00e1gina. Al momento de incluir los enlaces se comprob\u00f3 que no incumplieran ninguna ley. No se reconoci\u00f3 ninguna infracci\u00f3n a la hora de adjuntar los enlaces. Sin embargo, un control permanente<br \/>a estas p\u00e1ginas no es razonable sin una prueba de que hay una infracci\u00f3n. Al momento de entrar en conocimiento con alguna infracci\u00f3n se eliminar\u00e1 el enlace inmediatamente.<\/p>\n<h3>Derechos de autor<\/h3>\n<p>Los gestores de la p\u00e1gina se esfuerzan por respetar los derechos de autor de los dem\u00e1s o bien crear su propio contenido y usar obras libres de derechos.<\/p>\n<p>Los contenidos creados por los gestores de estas p\u00e1ginas y las obras est\u00e1n alineados con las leyes de derechos de autor alemanas. Las contribuciones de terceros est\u00e1n se\u00f1aladas de tal forma. La reproducci\u00f3n, edici\u00f3n, distribuci\u00f3n y cualquier forma de comercializaci\u00f3n que este por fuera de los l\u00edmites de los derechos de autor necesitan el consentimiento escrito del autor o creador correspondiente. Las descargas y copias de esta p\u00e1gina no se pueden comercializar, solo se permiten para uso privado.<\/p>\n<h3>Protecci\u00f3n de datos<\/h3>\n<p>En cuanto a la recolecci\u00f3n de datos personales (como nombre, direcci\u00f3n o correo electr\u00f3nico) en nuestra p\u00e1gina, siempre se hace de forma voluntaria dentro de lo posible. En la medida de lo posible, el uso de las ofertas y servicios siempre se puede utilizar sin dar datos personales.<\/p>\n<p>Queda expresamente prohibido para terceros utilizar los datos de contacto publicados en el marco del pie de imprenta obligatorio para mandar propaganda o material de informaci\u00f3n sin consentimiento. Los gestores de las p\u00e1ginas se reservan el derecho a tomar acciones legales en caso de que se env\u00ede publicidad no solicitada, tal como correo spam.<\/p>\n\t\t<\/div>\n\t\t\t\t\t<\/div>\n\n\t\n<\/div>\n\t\t<\/div>\n\n\t\t\n<style>\n#section_1708645614 {\n  padding-top: 30px;\n  padding-bottom: 30px;\n}\n<\/style>\n\t<\/section>\n\t\n\t<section class=\"section\" id=\"section_548411681\">\n\t\t<div class=\"bg section-bg fill bg-fill  bg-loaded\" >\n\n\t\t\t\n\t\t\t\n\t\t\t\n\n\t\t<\/div>\n\n\t\t\n\n\t\t<div class=\"section-content relative\">\n\t\t\t\n\n<div class=\"row\"  id=\"row-1026925507\">\n\n\n\t<div id=\"col-1621001577\" class=\"col small-12 large-12\"  >\n\t\t\t\t<div class=\"col-inner\"  >\n\t\t\t\n\t\t\t\n\n\t<div id=\"text-609993962\" class=\"text\">\n\t\t\n\n<h2>\u00bfTiene preguntas? \u00a1Lo atendemos con gusto!<\/h2>\n\t\t\n<style>\n#text-609993962 {\n  text-align: center;\n}\n<\/style>\n\t<\/div>\n\t\n\n\t\t<\/div>\n\t\t\t\t\t<\/div>\n\n\t\n\n<\/div>\n<div class=\"row\"  id=\"row-1267152278\">\n\n\n\t<div id=\"col-1305830936\" class=\"col small-12 large-12\"  >\n\t\t\t\t<div class=\"col-inner text-center\"  >\n\t\t\t\n\t\t\t\n\n<a href=\"\/es\/contacto\" target=\"_self\" class=\"button primary is-shade\"  style=\"border-radius:10px;\">\n    <span>Contacto<\/span>\n  <\/a>\n\n\n\n\t\t<\/div>\n\t\t\t\t\t<\/div>\n\n\t\n\n<\/div>\n<div class=\"row row-collapse row-full-width\"  id=\"row-1354772312\">\n\n\n\t<div id=\"col-1912382147\" class=\"col small-12 large-12\"  >\n\t\t\t\t<div class=\"col-inner\"  >\n\t\t\t\n\t\t\t\n\n\n  <div class=\"banner has-hover\" id=\"banner-315056412\">\n          <div class=\"banner-inner fill\">\n        <div class=\"banner-bg fill\" >\n            <div class=\"bg fill bg-fill \"><\/div>\n                                    \n                    <\/div>\n\t\t\n        <div class=\"banner-layers container\">\n            <div class=\"fill banner-link\"><\/div>            \n\n\n        <\/div>\n      <\/div>\n\n            \n<style>\n#banner-315056412 {\n  padding-top: 140px;\n  background-color: rgb(255,255,255);\n}\n#banner-315056412 .bg.bg-loaded {\n  background-image: url(https:\/\/escape-chute.com\/wp-content\/uploads\/2021\/09\/notausgang.jpg);\n}\n#banner-315056412 .bg {\n  background-position: 53% 32%;\n}\n@media (min-width:550px) {\n  #banner-315056412 {\n    padding-top: 200px;\n  }\n}\n<\/style>\n  <\/div>\n\n\n\n\t\t<\/div>\n\t\t\t\t\t<\/div>\n\n\t\n\n<\/div>\n\n\t\t<\/div>\n\n\t\t\n<style>\n#section_548411681 {\n  padding-top: 0px;\n  padding-bottom: 0px;\n}\n<\/style>\n\t<\/section>\n\t\n","protected":false},"excerpt":{"rendered":"","protected":false},"author":2,"featured_media":0,"parent":0,"menu_order":0,"comment_status":"closed","ping_status":"closed","template":"page-blank.php","meta":{"footnotes":""},"class_list":["post-1074","page","type-page","status-publish","hentry"],"_links":{"self":[{"href":"https:\/\/escape-chute.com\/es\/wp-json\/wp\/v2\/pages\/1074","targetHints":{"allow":["GET"]}}],"collection":[{"href":"https:\/\/escape-chute.com\/es\/wp-json\/wp\/v2\/pages"}],"about":[{"href":"https:\/\/escape-chute.com\/es\/wp-json\/wp\/v2\/types\/page"}],"author":[{"embeddable":true,"href":"https:\/\/escape-chute.com\/es\/wp-json\/wp\/v2\/users\/2"}],"replies":[{"embeddable":true,"href":"https:\/\/escape-chute.com\/es\/wp-json\/wp\/v2\/comments?post=1074"}],"version-history":[{"count":4,"href":"https:\/\/escape-chute.com\/es\/wp-json\/wp\/v2\/pages\/1074\/revisions"}],"predecessor-version":[{"id":1257,"href":"https:\/\/escape-chute.com\/es\/wp-json\/wp\/v2\/pages\/1074\/revisions\/1257"}],"wp:attachment":[{"href":"https:\/\/escape-chute.com\/es\/wp-json\/wp\/v2\/media?parent=1074"}],"curies":[{"name":"wp","href":"https:\/\/api.w.org\/{rel}","templated":true}]}}