{"id":1076,"date":"2020-11-11T09:51:53","date_gmt":"2020-11-11T09:51:53","guid":{"rendered":"https:\/\/escape-chute.net\/datenschutz\/"},"modified":"2023-01-11T16:24:48","modified_gmt":"2023-01-11T16:24:48","slug":"proteccion-de-datos","status":"publish","type":"page","link":"https:\/\/escape-chute.com\/es\/proteccion-de-datos\/","title":{"rendered":"Protecci\u00f3n de datos"},"content":{"rendered":"\t<section class=\"section\" id=\"section_1081272579\">\n\t\t<div class=\"bg section-bg fill bg-fill  bg-loaded\" >\n\n\t\t\t\n\t\t\t\n\t\t\t\n\n\t\t<\/div>\n\n\t\t\n\n\t\t<div class=\"section-content relative\">\n\t\t\t\n<div class=\"row row-collapse row-full-width align-center\"  id=\"row-313147988\">\n\n\t<div id=\"col-461130153\" class=\"col small-12 large-12\"  >\n\t\t\t\t<div class=\"col-inner\"  >\n\t\t\t\n\t\t\t\n\n  <div class=\"banner has-hover\" id=\"banner-656321428\">\n          <div class=\"banner-inner fill\">\n        <div class=\"banner-bg fill\" >\n            <div class=\"bg fill bg-fill \"><\/div>\n                                    \n                    <\/div>\n\t\t\n        <div class=\"banner-layers container\">\n            <div class=\"fill banner-link\"><\/div>            \n   <div id=\"text-box-1928201838\" class=\"text-box banner-layer hidden x50 md-x50 lg-x50 y90 md-y90 lg-y90 res-text\">\n                                <div class=\"text-box-content text dark\">\n              \n              <div class=\"text-inner text-center\">\n                  \n<h3 class=\"uppercase\"><strong>Rettungsschl\u00e4uche<\/strong><\/h3>\n              <\/div>\n           <\/div>\n                            \n<style>\n#text-box-1928201838 {\n  width: 60%;\n}\n#text-box-1928201838 .text-box-content {\n  font-size: 130%;\n}\n<\/style>\n    <\/div>\n \n        <\/div>\n      <\/div>\n\n              <div class=\"height-fix is-invisible\"><img loading=\"lazy\" decoding=\"async\" width=\"1940\" height=\"500\" src=\"https:\/\/escape-chute.com\/wp-content\/uploads\/2021\/09\/produkte-evakuierung.jpg\" class=\"attachment-original size-original\" alt=\"Evakuierung Produkte\" srcset=\"https:\/\/escape-chute.com\/wp-content\/uploads\/2021\/09\/produkte-evakuierung.jpg 1940w, https:\/\/escape-chute.com\/wp-content\/uploads\/2021\/09\/produkte-evakuierung-300x77.jpg 300w, https:\/\/escape-chute.com\/wp-content\/uploads\/2021\/09\/produkte-evakuierung-1024x264.jpg 1024w, https:\/\/escape-chute.com\/wp-content\/uploads\/2021\/09\/produkte-evakuierung-768x198.jpg 768w, https:\/\/escape-chute.com\/wp-content\/uploads\/2021\/09\/produkte-evakuierung-1536x396.jpg 1536w\" sizes=\"auto, (max-width: 1940px) 100vw, 1940px\" \/><\/div>\n            \n<style>\n#banner-656321428 .bg.bg-loaded {\n  background-image: url(https:\/\/escape-chute.com\/wp-content\/uploads\/2021\/09\/produkte-evakuierung.jpg);\n}\n#banner-656321428 {\n  background-color: rgb(255,255,255);\n}\n#banner-656321428 .bg {\n  background-position: 13% 100%;\n}\n<\/style>\n  <\/div>\n\n\n\t\t<\/div>\n\t\t\t\t\t<\/div>\n\n\t\n<\/div>\n\t\t<\/div>\n\n\t\t\n<style>\n#section_1081272579 {\n  padding-top: 30px;\n  padding-bottom: 30px;\n}\n<\/style>\n\t<\/section>\n\t\n\t<section class=\"section\" id=\"section_1587616331\">\n\t\t<div class=\"bg section-bg fill bg-fill  bg-loaded\" >\n\n\t\t\t\n\t\t\t\n\t\t\t\n\n\t\t<\/div>\n\n\t\t\n\n\t\t<div class=\"section-content relative\">\n\t\t\t\n<div class=\"row\"  id=\"row-1365212353\">\n\n\t<div id=\"col-37265899\" class=\"col small-12 large-12\"  >\n\t\t\t\t<div class=\"col-inner\"  >\n\t\t\t\n\t\t\t\n<h1 style=\"text-align: center;\">Axel Thoms Lebensrettungseinrichtungen GmbH &#8211; Protecci\u00f3n de datos<\/h1>\n\t\t<\/div>\n\t\t\t\t\t<\/div>\n\n\t\n<\/div>\n<div class=\"row align-center\"  id=\"row-1390013494\">\n\n\t<div id=\"col-585253557\" class=\"col small-12 large-12\"  >\n\t\t\t\t<div class=\"col-inner\"  >\n\t\t\t\n\t\t\t\n<h3>Declaraci\u00f3n de protecci\u00f3n de datos<\/h3>\n<p>Responsable en el sentido de la ley de protecci\u00f3n de datos:<\/p>\n<p>Axel Thoms Lebensrettungseinrichtungen GmbH<br \/>Bimoehler Stra\u00dfe 34-36<br \/>24576 Bad Bramstedt<br \/>Tel:<a href=\"tel:+4941922010090\"> +49 4192 20 100 90<\/a><\/p>\n<h3>Recolecci\u00f3n de datos<\/h3>\n<p>Mientras usa nuestra p\u00e1gina web recolectamos de forma autom\u00e1tica datos de car\u00e1cter general. Estos datos (archivos de registro del servidor) incluyen por ejemplo el tipo de su Browser, su sistema operativo, el nombre del domino de su proveedor de internet y otros datos generales parecidos. Estos datos son totalmente independientes de la persona y se usan para que la p\u00e1gina aparezca de forma correcta y se activan en cada uso de internet. Los datos completamente an\u00f3nimos se eval\u00faan de forma estad\u00edstica para mejorar nuestro servicio para usted.<\/p>\n<h3>Formulario de contacto<\/h3>\n<p>Si nos contacta desde nuestra <a href=\"\/es\/contacto\">p\u00e1gina de contacto <\/a> o nos env\u00eda un correo los datos correspondientes se guardar\u00e1n para el tr\u00e1mite.<\/p>\n<h3>Eliminaci\u00f3n o bloqueo de datos<\/h3>\n<p>Sus datos personales solo se guardar\u00e1n el tiempo que sea estrictamente necesario para cumplir con los servicios prestados y acatando lo exigido en la ley. Despu\u00e9s de que esos tiempos se cumplan los datos personales del usuario se bloquearan o borraran de forma regular.<\/p>\n<h3>Google Analytics<\/h3>\n<p>Nuestra p\u00e1gina utiliza Google Analytics, el servicio de an\u00e1lisis web de Google Inc. (\u201cGoogle\u201d). Google Analytics usa \u201cCookies\u201d, archivos de texto peque\u00f1os, que se guardan en su computador y guardan datos sobre el uso de nuestra p\u00e1gina web. Los datos generados por las Cookies sobre el uso de nuestra p\u00e1gina web se env\u00edan y guardan en un servidor de Google en Estados Unidos. Google acorta su direcci\u00f3n IP, debido a que nuestra p\u00e1gina tiene una anonimizaci\u00f3n de IP activa. Esto aplica para los pa\u00edses integrantes de la Uni\u00f3n Europea y otros pa\u00edses firmantes del Convenio del Espacio Econ\u00f3mico Europeo. Raramente puede pasar que una direcci\u00f3n IP se mande completa a un servidor de Google en Estados Unidos, y se abrevie una vez estando ah\u00ed. Google usa esta informaci\u00f3n para evaluar su uso de nuestra p\u00e1gina. Con esto crea reportes para nosotros sobre el uso de la p\u00e1gina y as\u00ed conseguir m\u00e1s datos estad\u00edsticos. Su direcci\u00f3n IP nunca se mezclar\u00e1 junto a otros datos guardados de Google. El uso de las Cookies se puede bloquear en los ajustes del navegador, no obstante, esto podr\u00eda llegar a perjudicar el funcionamiento de nuestra p\u00e1gina web. A trav\u00e9s de un programa especial adicional para su navegador (Add On) puede desactivar la recolecci\u00f3n de datos de Google Analytics.<\/p>\n<h3>Cookies<\/h3>\n<p>Nuestra p\u00e1gina utiliza \u201cCookies\u201d. Las Cookies son archivos de texto, que se guardan desde el servidor de una p\u00e1gina web hacia su computador. Datos espec\u00edficos como direcci\u00f3n IP, navegador, sistema operativo y conexi\u00f3n de internet se pasan a trav\u00e9s de este.<\/p>\n<p>Las Cookies no inician ning\u00fan programa y no transmiten virus. La informaci\u00f3n recopilada por Cookies sirve para facilitar su navegaci\u00f3n y optimizar la visualizaci\u00f3n de nuestra p\u00e1gina web.<\/p>\n<p>Los datos registrados por nosotros nunca se pasar\u00e1n a terceros sin su permiso, ni se vincular\u00e1n a sus datos personales.<\/p>\n<p>El uso de Cookies se puede bloquear desde los ajustes de su navegador. En las explicaciones de su navegador puede encontrar informaci\u00f3n sobre como cambiar ese ajuste. Algunas funciones de nuestra p\u00e1gina no pueden funcionar correctamente en algunos casos cuando el uso de Cookies esta desactivado.<\/p>\n<h3>M\u00e9todo de medici\u00f3n central escalable<\/h3>\n<p>Para la recolecci\u00f3n de valores caracter\u00edsticos estad\u00edsticos sobre el uso de nuestros servicios usamos el \u201cM\u00e9todo de medici\u00f3n central escalable\u201d (SZM) de INFOnline GmbH (http:\/\/www.infonline.de).<\/p>\n<p>Este proceso recolecta valores de medici\u00f3n an\u00f3nimos. La medici\u00f3n de alcance del SZM usa una de las siguientes para reconocer el sistema del computador, una Cookie con el identificador \u201cioam.de\u201d, \u201civwbox.de\u201d, un objeto LocalStorage o una firma creada a partir de informaci\u00f3n diversa generada por el navegador web. Las direcciones IP se usan de forma an\u00f3nima.<\/p>\n<p>En la medici\u00f3n de alcance siempre se tiene en cuenta la protecci\u00f3n de datos. Esta calcula estad\u00edsticamente la intensidad de uso y el n\u00famero de usuarios en una p\u00e1gina web. Durante el proceso los usuarios individuales no se reconocen y la identidad siempre queda protegida. El sistema no env\u00eda ninguna publicidad.<\/p>\n<p>Las ofertas web, que pertenecen a la Informationsgemeinschaft zur Feststellung der Verbreitung von Werbetr\u00e4gern e.V. (IVW \u2013 http:\/\/www.ivw.eu) o que participan en el estudio de \u201cinternet facts\u201c de Arbeitsgemeinschaft Online-Forschung e.V. (AGOF \u2013 www.agof.de), la AGOF y la Arbeitsgemeinschaft Media-Analyse e.V. (ag.ma \u2013 www.agma-mmc.de) y la IVW publican las estad\u00edsticas de uso mensualmente. Asimismo, se pueden ver en http:\/\/www.agof.de, http:\/\/www.agma-mmc.de y http:\/\/www.ivw.eu. La IVW revisa regularmente el proceso del SZM para asegurar que cumpla con las reglas y la regulaci\u00f3n de protecci\u00f3n de datos. Adicionalmente, publica los datos de medici\u00f3n.<\/p>\n<p>La p\u00e1gina de INFOnline GmbH (https:\/\/www.infonline.de), la p\u00e1gina de protecci\u00f3n de datos de la AGOF (http:\/\/www.agof.de\/datenschutz) y la p\u00e1gina de protecci\u00f3n de datos de la IVW (http:\/\/www.ivw.eu) ofrecen informaci\u00f3n detallada del proceso del SZM.<\/p>\n<p>Si no est\u00e1 de acuerdo con el procesamiento de datos del SZM, lo puede comunicar en los siguientes links: http:\/\/optout.ioam.de y http:\/\/optout.ivwbox.de<\/p>\n<h3>Google AdWords<\/h3>\n<p>Nuestra p\u00e1gina utiliza Google Conversion-Tracking. Si lleg\u00f3 a nuestra p\u00e1gina haciendo clic en un anuncio de Google, Google AdWords guarda una Cookie de seguimiento de conversi\u00f3n en su computador. Despu\u00e9s de 30 d\u00edas se pierde la validez de esa Cookie, los visitantes de la p\u00e1gina no son identificados con este proceso. En esos 30 d\u00edas Google y nosotros podemos verificar que el usuario hizo clic en el anuncio para llegar a nuestra p\u00e1gina. Las Cookies de Google AdWords son especificas del cliente y no pueden ser rastreadas por las p\u00e1ginas de los clientes de AdWords. La informaci\u00f3n recolectada por las Cookies de conversi\u00f3n se usa para generar estad\u00edsticas de conversi\u00f3n para los clientes de AdWords que usan seguimiento de conversi\u00f3n. Con esto los clientes se enteran de cuantos usuarios usaron el anuncio para entrar a su sitio web. Los datos personales del usuario no se transmiten con este proceso.<\/p>\n<p>Si alguien no quiere ser parte del seguimiento puede configurar eso en los ajustes del navegador. Puede desactivar autom\u00e1ticamente todas las Cookies<br \/>o configurar el navegador de tal modo que las Cookies de googleadservices.com siempre est\u00e9n bloqueadas.<\/p>\n<p>Las Cookies de exclusi\u00f3n no se pueden borrar, si quiere evitar el registro de los datos de medici\u00f3n. Si borra todas las Cookies de su navegador tiene que volver a poner las Cookies de exclusi\u00f3n.<\/p>\n<h3>Informaci\u00f3n, correcci\u00f3n, bloqueo, eliminaci\u00f3n y objeci\u00f3n<\/h3>\n<p>Puede pedir informaci\u00f3n sobre los datos que tengamos guardados de usted en cualquier momento. Estos pueden ser corregidos, bloqueados o, siempre y cuando el tiempo prescrito del almacenamiento de datos para la transacci\u00f3n del negocio haya pasado, borrados. Nuestro personal de protecci\u00f3n de datos lo ayudaran con sus preguntas. Encontrar\u00e1 los datos de contacto m\u00e1s abajo.<\/p>\n<p>Los datos bloqueados se guardan en un archivo de bloqueo especial con el prop\u00f3sito de poder controlarlos. Cuando el tiempo de la obligaci\u00f3n legal de archivamiento expire, puede pedir la eliminaci\u00f3n de sus datos. Durante el tiempo obligatorio de archivamiento puede pedir que se bloqueen sus datos<br \/>si lo desea.<\/p>\n<p>Cambios o retiro de consentimiento se pueden pedir con un comunicado hacia nosotros. Esto tambi\u00e9n se puede para acciones futuras.<\/p>\n<h3>Cambios de la pol\u00edtica de privacidad<\/h3>\n<p>Nuestra pol\u00edtica de privacidad puede cambiar de forma irregular para que se ajuste con las leyes actuales o para implementar cambios en nuestros servicios, por ejemplo, cuando se incorporan nuevas ofertas. Entonces en su pr\u00f3xima visita autom\u00e1ticamente valen las nuevas pol\u00edticas de privacidad.<\/p>\n<h3>Contacto de personal de protecci\u00f3n de datos<\/h3>\n<p>Si tiene preguntas sobre la protecci\u00f3n de datos por favor mande un correo a info@escape-chute.net con el asunto \u201eProtecci\u00f3n de datos\u201c.<\/p>\n<p>Esta p\u00e1gina de pol\u00edtica de cancelaci\u00f3n se cre\u00f3 en datenschutzerkl\u00e4runggenerator.de<\/p>\n\t\t<\/div>\n\t\t\t\t\t<\/div>\n\n\t\n<\/div>\n\t\t<\/div>\n\n\t\t\n<style>\n#section_1587616331 {\n  padding-top: 30px;\n  padding-bottom: 30px;\n}\n<\/style>\n\t<\/section>\n\t\n\t<section class=\"section\" id=\"section_826550197\">\n\t\t<div class=\"bg section-bg fill bg-fill  bg-loaded\" >\n\n\t\t\t\n\t\t\t\n\t\t\t\n\n\t\t<\/div>\n\n\t\t\n\n\t\t<div class=\"section-content relative\">\n\t\t\t\n\n<div class=\"row\"  id=\"row-667175693\">\n\n\n\t<div id=\"col-177895425\" class=\"col small-12 large-12\"  >\n\t\t\t\t<div class=\"col-inner\"  >\n\t\t\t\n\t\t\t\n\n\t<div id=\"text-1690957101\" class=\"text\">\n\t\t\n\n<h2>\u00bfTiene preguntas? \u00a1Lo atendemos con gusto!<\/h2>\n\t\t\n<style>\n#text-1690957101 {\n  text-align: center;\n}\n<\/style>\n\t<\/div>\n\t\n\n\t\t<\/div>\n\t\t\t\t\t<\/div>\n\n\t\n\n<\/div>\n<div class=\"row\"  id=\"row-287891858\">\n\n\n\t<div id=\"col-690645743\" class=\"col small-12 large-12\"  >\n\t\t\t\t<div class=\"col-inner text-center\"  >\n\t\t\t\n\t\t\t\n\n<a href=\"\/es\/contacto\" target=\"_self\" class=\"button primary is-shade\"  style=\"border-radius:10px;\">\n    <span>Contacto<\/span>\n  <\/a>\n\n\n\n\t\t<\/div>\n\t\t\t\t\t<\/div>\n\n\t\n\n<\/div>\n<div class=\"row row-collapse row-full-width\"  id=\"row-950925684\">\n\n\n\t<div id=\"col-2038545670\" class=\"col small-12 large-12\"  >\n\t\t\t\t<div class=\"col-inner\"  >\n\t\t\t\n\t\t\t\n\n\n  <div class=\"banner has-hover\" id=\"banner-1594583651\">\n          <div class=\"banner-inner fill\">\n        <div class=\"banner-bg fill\" >\n            <div class=\"bg fill bg-fill \"><\/div>\n                                    \n                    <\/div>\n\t\t\n        <div class=\"banner-layers container\">\n            <div class=\"fill banner-link\"><\/div>            \n\n\n        <\/div>\n      <\/div>\n\n            \n<style>\n#banner-1594583651 {\n  padding-top: 140px;\n  background-color: rgb(255,255,255);\n}\n#banner-1594583651 .bg.bg-loaded {\n  background-image: url(https:\/\/escape-chute.com\/wp-content\/uploads\/2021\/09\/notausgang.jpg);\n}\n#banner-1594583651 .bg {\n  background-position: 53% 32%;\n}\n@media (min-width:550px) {\n  #banner-1594583651 {\n    padding-top: 200px;\n  }\n}\n<\/style>\n  <\/div>\n\n\n\n\t\t<\/div>\n\t\t\t\t\t<\/div>\n\n\t\n\n<\/div>\n\n\t\t<\/div>\n\n\t\t\n<style>\n#section_826550197 {\n  padding-top: 0px;\n  padding-bottom: 0px;\n}\n<\/style>\n\t<\/section>\n\t\n","protected":false},"excerpt":{"rendered":"","protected":false},"author":2,"featured_media":0,"parent":0,"menu_order":0,"comment_status":"closed","ping_status":"closed","template":"page-blank.php","meta":{"footnotes":""},"class_list":["post-1076","page","type-page","status-publish","hentry"],"_links":{"self":[{"href":"https:\/\/escape-chute.com\/es\/wp-json\/wp\/v2\/pages\/1076","targetHints":{"allow":["GET"]}}],"collection":[{"href":"https:\/\/escape-chute.com\/es\/wp-json\/wp\/v2\/pages"}],"about":[{"href":"https:\/\/escape-chute.com\/es\/wp-json\/wp\/v2\/types\/page"}],"author":[{"embeddable":true,"href":"https:\/\/escape-chute.com\/es\/wp-json\/wp\/v2\/users\/2"}],"replies":[{"embeddable":true,"href":"https:\/\/escape-chute.com\/es\/wp-json\/wp\/v2\/comments?post=1076"}],"version-history":[{"count":5,"href":"https:\/\/escape-chute.com\/es\/wp-json\/wp\/v2\/pages\/1076\/revisions"}],"predecessor-version":[{"id":1255,"href":"https:\/\/escape-chute.com\/es\/wp-json\/wp\/v2\/pages\/1076\/revisions\/1255"}],"wp:attachment":[{"href":"https:\/\/escape-chute.com\/es\/wp-json\/wp\/v2\/media?parent=1076"}],"curies":[{"name":"wp","href":"https:\/\/api.w.org\/{rel}","templated":true}]}}